{"id":3865,"date":"2022-03-11T10:23:05","date_gmt":"2022-03-11T10:23:05","guid":{"rendered":"https:\/\/www.negociosdeangola.com\/ficha-tecnica\/"},"modified":"2022-07-13T14:18:59","modified_gmt":"2022-07-13T14:18:59","slug":"fact-sheet","status":"publish","type":"page","link":"https:\/\/www.negociosdeangola.com\/en\/fact-sheet\/","title":{"rendered":"Fact Sheet"},"content":{"rendered":"<p><strong>Property<\/strong><br \/>\nOdisseia Media, Lda.<\/p>\n<p><strong>Headquarters<\/strong><br \/>\nBelas Business Park, Cunene Building 301<\/p>\n<p><strong>Frequency <\/strong><br \/>\nDaily<\/p>\n<p><strong>Editorial Direction<\/strong><br \/>\nGil Lucamba<\/p>\n<p><strong>Editorial Staff<\/strong><br \/>\nAndr\u00e9 Alves<br \/>\nJoaquim Sim\u00e3o<br \/>\nMaria do Mar<br \/>\nM\u00f3nika Mansinho<\/p>\n<p><strong>Editorial Secretary<\/strong><br \/>\nLaura Mendon\u00e7a<\/p>\n<p><strong>Photography<\/strong><br \/>\nMariana Mota Veiga<\/p>\n<p><strong>Translation<\/strong><br \/>\nArnaldo Vieira<\/p>\n<p><strong>Commercial Direction<\/strong><br \/>\nPatr\u00edcia Bettencourt<\/p>\n","protected":false},"excerpt":{"rendered":"<p>Property Odisseia Media, Lda. Headquarters Belas Business Park, Cunene Building 301 Frequency Daily Editorial Direction Gil Lucamba Editorial Staff Andr\u00e9 Alves Joaquim Sim\u00e3o Maria do Mar M\u00f3nika Mansinho Editorial Secretary Laura Mendon\u00e7a Photography Mariana Mota Veiga Translation Arnaldo Vieira Commercial [&hellip;]<\/p>\n","protected":false},"author":2,"featured_media":0,"parent":0,"menu_order":0,"comment_status":"closed","ping_status":"closed","template":"template-textos.php","meta":{"_acf_changed":false,"inline_featured_image":false,"footnotes":""},"class_list":["post-3865","page","type-page","status-publish","hentry"],"acf":[],"_links":{"self":[{"href":"https:\/\/www.negociosdeangola.com\/en\/wp-json\/wp\/v2\/pages\/3865","targetHints":{"allow":["GET"]}}],"collection":[{"href":"https:\/\/www.negociosdeangola.com\/en\/wp-json\/wp\/v2\/pages"}],"about":[{"href":"https:\/\/www.negociosdeangola.com\/en\/wp-json\/wp\/v2\/types\/page"}],"author":[{"embeddable":true,"href":"https:\/\/www.negociosdeangola.com\/en\/wp-json\/wp\/v2\/users\/2"}],"replies":[{"embeddable":true,"href":"https:\/\/www.negociosdeangola.com\/en\/wp-json\/wp\/v2\/comments?post=3865"}],"version-history":[{"count":2,"href":"https:\/\/www.negociosdeangola.com\/en\/wp-json\/wp\/v2\/pages\/3865\/revisions"}],"predecessor-version":[{"id":3867,"href":"https:\/\/www.negociosdeangola.com\/en\/wp-json\/wp\/v2\/pages\/3865\/revisions\/3867"}],"wp:attachment":[{"href":"https:\/\/www.negociosdeangola.com\/en\/wp-json\/wp\/v2\/media?parent=3865"}],"curies":[{"name":"wp","href":"https:\/\/api.w.org\/{rel}","templated":true}]}}